{"id":15,"date":"2021-11-24T11:26:02","date_gmt":"2021-11-24T11:26:02","guid":{"rendered":"https:\/\/miboozwp.pixydrops.com\/?page_id=15"},"modified":"2026-03-03T12:22:52","modified_gmt":"2026-03-03T09:22:52","slug":"home-two","status":"publish","type":"page","link":"https:\/\/www.analizegitimkurumlari.com.tr\/","title":{"rendered":"analize\u011fitimkurumlari"},"content":{"rendered":"\t\t<div data-elementor-type=\"wp-page\" data-elementor-id=\"15\" class=\"elementor elementor-15\">\n\t\t\t\t<div class=\"elementor-element elementor-element-40614a8 e-flex e-con-boxed e-con e-parent\" data-id=\"40614a8\" data-element_type=\"container\" data-e-type=\"container\">\n\t\t\t\t\t<div class=\"e-con-inner\">\n\t\t\t\t<div class=\"elementor-element elementor-element-51e4292 elementor-widget elementor-widget-spacer\" data-id=\"51e4292\" data-element_type=\"widget\" data-e-type=\"widget\" data-widget_type=\"spacer.default\">\n\t\t\t\t<div class=\"elementor-widget-container\">\n\t\t\t\t\t\t\t<div class=\"elementor-spacer\">\n\t\t\t<div class=\"elementor-spacer-inner\"><\/div>\n\t\t<\/div>\n\t\t\t\t\t\t<\/div>\n\t\t\t\t<\/div>\n\t\t\t\t<div class=\"elementor-element elementor-element-17173a7 elementor-widget elementor-widget-spacer\" data-id=\"17173a7\" data-element_type=\"widget\" data-e-type=\"widget\" data-widget_type=\"spacer.default\">\n\t\t\t\t<div class=\"elementor-widget-container\">\n\t\t\t\t\t\t\t<div class=\"elementor-spacer\">\n\t\t\t<div class=\"elementor-spacer-inner\"><\/div>\n\t\t<\/div>\n\t\t\t\t\t\t<\/div>\n\t\t\t\t<\/div>\n\t\t\t\t\t<\/div>\n\t\t\t\t<\/div>\n\t\t\t\t<section class=\"elementor-section elementor-top-section elementor-element elementor-element-553d186 elementor-section-full_width elementor-section-height-default elementor-section-height-default\" data-id=\"553d186\" data-element_type=\"section\" data-e-type=\"section\">\n\t\t\t\t\t\t<div class=\"elementor-container elementor-column-gap-no\">\n\t\t\t\t\t<div class=\"elementor-column elementor-col-100 elementor-top-column elementor-element elementor-element-030d6c6\" data-id=\"030d6c6\" data-element_type=\"column\" data-e-type=\"column\">\n\t\t\t<div class=\"elementor-widget-wrap elementor-element-populated\">\n\t\t\t\t\t\t<div class=\"elementor-element elementor-element-6f6f086 elementor-widget elementor-widget-mibooz-main-slider\" data-id=\"6f6f086\" data-element_type=\"widget\" data-e-type=\"widget\" data-widget_type=\"mibooz-main-slider.default\">\n\t\t\t\t<div class=\"elementor-widget-container\">\n\t\t\t\t\t    <section class=\"main-slider-two\">\r\n        <div class=\"main-slider-two__wrapper\">\r\n                            <div class=\"image-layer\"\r\n                    style=\"background-image: url(https:\/\/miboozwp.pixydrops.com\/wp-content\/uploads\/2021\/11\/home-2-slide-bg-1-1.png);\"><\/div>\r\n                        <div class=\"main-slider-two-box-1\"><\/div>\r\n            <div class=\"main-slider-two-box-2\"><\/div>\r\n            <div class=\"main-slider-two-box-3\"><\/div>\r\n            <div class=\"main-slider-two-box-4\"><\/div>\r\n            <div class=\"main-slider-two-box-5\"><\/div>\r\n            <div class=\"main-slider-two-box-6\"><\/div>\r\n            <div class=\"main-slider-two-box-7\"><\/div>\r\n            <div class=\"main-slider-two-box-8\"><\/div>\r\n            <div class=\"main-slider-two-box-9\"><\/div>\r\n            <div class=\"main-slider-two-box-10\"><\/div>\r\n\r\n                        <div class=\"container\">\r\n                <div class=\"row\">\r\n                    <div class=\"col-lg-7\">\r\n                        <div class=\"main-slider-two__content\">\r\n                                                          <h2 data-wow-duration=\"2000ms\" class=\"wow fadeInUp\">\r\n                                  her \u00f6\u011frenciye <br> \u00f6zel bir yol, <br>\n                                   Analiz her ad\u0131mda yan\u0131nda!                              <\/h2>\r\n                                                         <div class=\"main-slider-two__btn-video wow fadeInUp\" data-wow-duration=\"2000ms\">\r\n                                                                                            <\/div>\r\n                            <div class=\"main-slider-two__img\">\r\n                                <img decoding=\"async\" src=\"https:\/\/www.analizegitimkurumlari.com.tr\/wp-content\/uploads\/2025\/01\/Analizslider.png\" alt=\"\"\r\n                                    data-wow-duration=\"2000ms\" class=\"wow fadeInRight\" \/>\r\n                                <div class=\"main-slider-two__name-box\">\r\n                                    <h3 class=\"main-slider-two__name\"><\/h3>\r\n                                <\/div>\r\n                            <\/div>\r\n                                                    <\/div>\r\n                    <\/div>\r\n                <\/div>\r\n            <\/div>\r\n        <\/div>\r\n    <\/section>\r\n\t\t\t\t<\/div>\n\t\t\t\t<\/div>\n\t\t\t\t\t<\/div>\n\t\t<\/div>\n\t\t\t\t\t<\/div>\n\t\t<\/section>\n\t\t<div class=\"elementor-element elementor-element-4e8a3f1 e-flex e-con-boxed e-con e-parent\" data-id=\"4e8a3f1\" data-element_type=\"container\" data-e-type=\"container\">\n\t\t\t\t\t<div class=\"e-con-inner\">\n\t\t<div class=\"elementor-element elementor-element-d2cb709 e-con-full e-flex e-con e-child\" data-id=\"d2cb709\" data-element_type=\"container\" data-e-type=\"container\">\n\t\t\t\t<div class=\"elementor-element elementor-element-5920b73 elementor-widget elementor-widget-image\" data-id=\"5920b73\" data-element_type=\"widget\" data-e-type=\"widget\" data-widget_type=\"image.default\">\n\t\t\t\t<div class=\"elementor-widget-container\">\n\t\t\t\t\t\t\t\t\t\t\t\t\t\t\t\t<a href=\"http:\/\/analizkurs.analizegitimkurumlari.com.tr\/\">\n\t\t\t\t\t\t\t<img decoding=\"async\" width=\"300\" height=\"159\" src=\"https:\/\/www.analizegitimkurumlari.com.tr\/wp-content\/uploads\/2025\/01\/analizjpg1-1-300x159.jpg\" class=\"attachment-medium size-medium wp-image-2581\" alt=\"\" srcset=\"https:\/\/www.analizegitimkurumlari.com.tr\/wp-content\/uploads\/2025\/01\/analizjpg1-1-300x159.jpg 300w, https:\/\/www.analizegitimkurumlari.com.tr\/wp-content\/uploads\/2025\/01\/analizjpg1-1-270x142.jpg 270w, https:\/\/www.analizegitimkurumlari.com.tr\/wp-content\/uploads\/2025\/01\/analizjpg1-1.jpg 570w\" sizes=\"(max-width: 300px) 100vw, 300px\" \/>\t\t\t\t\t\t\t\t<\/a>\n\t\t\t\t\t\t\t\t\t\t\t\t\t\t\t<\/div>\n\t\t\t\t<\/div>\n\t\t\t\t<\/div>\n\t\t<div class=\"elementor-element elementor-element-48af81a e-con-full e-flex e-con e-child\" data-id=\"48af81a\" data-element_type=\"container\" data-e-type=\"container\">\n\t\t\t\t<div class=\"elementor-element elementor-element-89432f5 elementor-widget elementor-widget-image\" data-id=\"89432f5\" data-element_type=\"widget\" data-e-type=\"widget\" data-widget_type=\"image.default\">\n\t\t\t\t<div class=\"elementor-widget-container\">\n\t\t\t\t\t\t\t\t\t\t\t\t\t\t\t\t<a href=\"http:\/\/analizkoleji.analizegitimkurumlari.com.tr\/\">\n\t\t\t\t\t\t\t<img decoding=\"async\" width=\"300\" height=\"159\" src=\"https:\/\/www.analizegitimkurumlari.com.tr\/wp-content\/uploads\/2025\/01\/analizjpg2-1-300x159.jpg\" class=\"attachment-medium size-medium wp-image-2582\" alt=\"\" srcset=\"https:\/\/www.analizegitimkurumlari.com.tr\/wp-content\/uploads\/2025\/01\/analizjpg2-1-300x159.jpg 300w, https:\/\/www.analizegitimkurumlari.com.tr\/wp-content\/uploads\/2025\/01\/analizjpg2-1-270x142.jpg 270w, https:\/\/www.analizegitimkurumlari.com.tr\/wp-content\/uploads\/2025\/01\/analizjpg2-1.jpg 570w\" sizes=\"(max-width: 300px) 100vw, 300px\" \/>\t\t\t\t\t\t\t\t<\/a>\n\t\t\t\t\t\t\t\t\t\t\t\t\t\t\t<\/div>\n\t\t\t\t<\/div>\n\t\t\t\t<\/div>\n\t\t\t\t\t<\/div>\n\t\t\t\t<\/div>\n\t\t\t\t<\/div>\n\t\t","protected":false},"excerpt":{"rendered":"<p>her \u00f6\u011frenciye \u00f6zel bir yol, Analiz her ad\u0131mda yan\u0131nda!<\/p>\n","protected":false},"author":1,"featured_media":0,"parent":0,"menu_order":0,"comment_status":"closed","ping_status":"closed","template":"elementor_header_footer","meta":{"_monsterinsights_skip_tracking":false,"_monsterinsights_sitenote_active":false,"_monsterinsights_sitenote_note":"","_monsterinsights_sitenote_category":0,"footnotes":""},"class_list":["post-15","page","type-page","status-publish","hentry"],"aioseo_notices":[],"_links":{"self":[{"href":"https:\/\/www.analizegitimkurumlari.com.tr\/index.php?rest_route=\/wp\/v2\/pages\/15","targetHints":{"allow":["GET"]}}],"collection":[{"href":"https:\/\/www.analizegitimkurumlari.com.tr\/index.php?rest_route=\/wp\/v2\/pages"}],"about":[{"href":"https:\/\/www.analizegitimkurumlari.com.tr\/index.php?rest_route=\/wp\/v2\/types\/page"}],"author":[{"embeddable":true,"href":"https:\/\/www.analizegitimkurumlari.com.tr\/index.php?rest_route=\/wp\/v2\/users\/1"}],"replies":[{"embeddable":true,"href":"https:\/\/www.analizegitimkurumlari.com.tr\/index.php?rest_route=%2Fwp%2Fv2%2Fcomments&post=15"}],"version-history":[{"count":87,"href":"https:\/\/www.analizegitimkurumlari.com.tr\/index.php?rest_route=\/wp\/v2\/pages\/15\/revisions"}],"predecessor-version":[{"id":2815,"href":"https:\/\/www.analizegitimkurumlari.com.tr\/index.php?rest_route=\/wp\/v2\/pages\/15\/revisions\/2815"}],"wp:attachment":[{"href":"https:\/\/www.analizegitimkurumlari.com.tr\/index.php?rest_route=%2Fwp%2Fv2%2Fmedia&parent=15"}],"curies":[{"name":"wp","href":"https:\/\/api.w.org\/{rel}","templated":true}]}}